{"id":114,"date":"2017-05-22T07:48:31","date_gmt":"2017-05-22T07:48:31","guid":{"rendered":"http:\/\/saramonterde.com\/blog\/?page_id=114"},"modified":"2017-05-22T07:54:06","modified_gmt":"2017-05-22T07:54:06","slug":"sobre-mi","status":"publish","type":"page","link":"http:\/\/saramonterde.com\/blog\/sobre-mi\/","title":{"rendered":"Sobre m\u00ed&#8230;"},"content":{"rendered":"<p><span style=\"color: #808080;\">La doctora Sara Monterde curs\u00f3 sus estudios de odontolog\u00eda en la Facultat de Medicina i Odontologia de Valencia (1993-1998).<\/span><br \/>\n<span style=\"color: #808080;\"> Curs\u00f3 sus estudios de postgrado en Odontopediatr\u00eda en el hospital San Rafael de Madrid (1994-1995).<\/span><br \/>\n<span style=\"color: #808080;\"> Diploma de postgrado en Odontolog\u00eda Est\u00e9tica Adhesiva por la Universidad de Valencia (1996-1997).<\/span><br \/>\n<span style=\"color: #808080;\"> Diploma de Ortodoncia Cl\u00ednica impartido por los doctores Fe Serrano y Bejariano.<\/span><br \/>\n<span style=\"color: #808080;\"> Diploma de Ortodoncia en Master Daimon impartido por los doctores Rafael Espejo y Ram\u00f3n Perera.<\/span><\/p>\n","protected":false},"excerpt":{"rendered":"<p>La doctora Sara Monterde curs\u00f3 sus estudios de odontolog\u00eda en la Facultat de Medicina i Odontologia de Valencia (1993-1998). Curs\u00f3 sus estudios de postgrado en Odontopediatr\u00eda en el&#8230;<\/p>\n","protected":false},"author":1,"featured_media":0,"parent":0,"menu_order":0,"comment_status":"closed","ping_status":"closed","template":"","meta":[],"_links":{"self":[{"href":"http:\/\/saramonterde.com\/blog\/wp-json\/wp\/v2\/pages\/114"}],"collection":[{"href":"http:\/\/saramonterde.com\/blog\/wp-json\/wp\/v2\/pages"}],"about":[{"href":"http:\/\/saramonterde.com\/blog\/wp-json\/wp\/v2\/types\/page"}],"author":[{"embeddable":true,"href":"http:\/\/saramonterde.com\/blog\/wp-json\/wp\/v2\/users\/1"}],"replies":[{"embeddable":true,"href":"http:\/\/saramonterde.com\/blog\/wp-json\/wp\/v2\/comments?post=114"}],"version-history":[{"count":2,"href":"http:\/\/saramonterde.com\/blog\/wp-json\/wp\/v2\/pages\/114\/revisions"}],"predecessor-version":[{"id":117,"href":"http:\/\/saramonterde.com\/blog\/wp-json\/wp\/v2\/pages\/114\/revisions\/117"}],"wp:attachment":[{"href":"http:\/\/saramonterde.com\/blog\/wp-json\/wp\/v2\/media?parent=114"}],"curies":[{"name":"wp","href":"https:\/\/api.w.org\/{rel}","templated":true}]}}